{"id":34,"date":"2024-03-11T15:32:05","date_gmt":"2024-03-11T15:32:05","guid":{"rendered":"https:\/\/sviluppo.meta-morfosi.it\/?page_id=34"},"modified":"2024-03-15T21:55:56","modified_gmt":"2024-03-15T21:55:56","slug":"servizi-per-le-persone","status":"publish","type":"page","link":"https:\/\/sviluppo.meta-morfosi.it\/index.php\/servizi-per-le-persone\/","title":{"rendered":"Servizi per le persone"},"content":{"rendered":"\t\t<div data-elementor-type=\"wp-page\" data-elementor-id=\"34\" class=\"elementor elementor-34\">\n\t\t\t\t<div class=\"elementor-element elementor-element-7317201 e-flex e-con-boxed elementor-invisible e-con e-parent\" data-id=\"7317201\" data-element_type=\"container\" data-e-type=\"container\" data-settings=\"{&quot;background_background&quot;:&quot;classic&quot;,&quot;animation&quot;:&quot;fadeInRight&quot;}\">\n\t\t\t\t\t<div class=\"e-con-inner\">\n\t\t\t\t\t<\/div>\n\t\t\t\t<\/div>\n\t\t<div class=\"elementor-element elementor-element-48918e6 e-flex e-con-boxed e-con e-parent\" data-id=\"48918e6\" data-element_type=\"container\" data-e-type=\"container\">\n\t\t\t\t\t<div class=\"e-con-inner\">\n\t\t<div class=\"elementor-element elementor-element-a50fac8 e-flex e-con-boxed e-con e-child\" data-id=\"a50fac8\" data-element_type=\"container\" data-e-type=\"container\">\n\t\t\t\t\t<div class=\"e-con-inner\">\n\t\t\t\t<div class=\"elementor-element elementor-element-3bb0951 elementor-widget elementor-widget-spacer\" data-id=\"3bb0951\" data-element_type=\"widget\" data-e-type=\"widget\" data-widget_type=\"spacer.default\">\n\t\t\t\t<div class=\"elementor-widget-container\">\n\t\t\t\t\t\t\t<div class=\"elementor-spacer\">\n\t\t\t<div class=\"elementor-spacer-inner\"><\/div>\n\t\t<\/div>\n\t\t\t\t\t\t<\/div>\n\t\t\t\t<\/div>\n\t\t\t\t<div class=\"elementor-element elementor-element-cd892c8 elementor-widget elementor-widget-text-editor\" data-id=\"cd892c8\" data-element_type=\"widget\" data-e-type=\"widget\" data-widget_type=\"text-editor.default\">\n\t\t\t\t<div class=\"elementor-widget-container\">\n\t\t\t\t\t\t\t\t\t<h3 style=\"text-align: justify;\"><strong>Corsi e Percorsi di Sviluppo Personale<\/strong><\/h3><p style=\"text-align: justify;\">L&#8217;associazione culturale di promozione sociale Meta Morfosi di Bologna\u00a0organizza\u00a0<strong>corsi e<\/strong>\u00a0<strong>percorsi di sviluppo personale individuali e di gruppo.\u00a0<\/strong>I percorsi di sviluppo personale sono spazi di ascolto profondo e di riflessione nel quale esplorare\u00a0<strong>difficolt\u00e0 relative a momenti della propria vita, fasi di passaggio e stati di crisi<\/strong>\u00a0e rinforzare la propria capacit\u00e0 di scelta o di cambiamento.<\/p><p style=\"text-align: justify;\">L\u2019obiettivo \u00e8 il\u00a0<strong>miglioramento della qualit\u00e0 di vita della persona<\/strong>, sostenendone i punti di forza e le capacit\u00e0 di autodeterminazione. \u00c8 un percorso dove ritrovare energia e fiducia in se\u2019 stessi e nella propria vita.<\/p><p style=\"text-align: justify;\">Il Counselor sostiene la persona a\u00a0<strong>prendere decisioni<\/strong>,\u00a0<strong>a gestire crisi<\/strong>, migliorare relazioni, sviluppare risorse, promuovere la consapevolezza delle proprie emozioni, \u00a0pensieri, percezioni e conflitti.\u00a0<\/p><p style=\"text-align: justify;\">In queste situazioni \u00e8 utile l\u2019intervento di un\u00a0<strong>COUNSELOR<\/strong>\u00a0<strong>PROFESSIONISTA<\/strong>. L\u2019obiettivo del COUNSELING \u00e8 promuovere atteggiamenti propositivi e stimolare la capacit\u00e0 di scelta rispetto a situazioni di vita che generano frustrazione.\u00a0<\/p><p style=\"text-align: justify;\">La cornice a questo approccio e&#8217; la\u00a0<strong>relazione con l&#8217;altro<\/strong>, una relazione che si basa soprattutto sulla fiducia e sull&#8217;ascolto profondo. La cura viene rivolta non solo al contenuto della narrazione, ma al complesso della persona, con l&#8217;attenzione a identificare dove nel corpo si esprime un&#8217;energia o un&#8217;inibizione di essa.\u00a0<\/p>\t\t\t\t\t\t\t\t<\/div>\n\t\t\t\t<\/div>\n\t\t\t\t\t<\/div>\n\t\t\t\t<\/div>\n\t\t\t\t\t<\/div>\n\t\t\t\t<\/div>\n\t\t<div class=\"elementor-element elementor-element-a0c6323 e-flex e-con-boxed e-con e-parent\" data-id=\"a0c6323\" data-element_type=\"container\" data-e-type=\"container\">\n\t\t\t\t\t<div class=\"e-con-inner\">\n\t\t<div class=\"elementor-element elementor-element-c4632bf e-con-full e-flex e-con e-child\" data-id=\"c4632bf\" data-element_type=\"container\" data-e-type=\"container\">\n\t\t\t\t<div class=\"elementor-element elementor-element-2477428 elementor-widget elementor-widget-heading\" data-id=\"2477428\" data-element_type=\"widget\" data-e-type=\"widget\" data-widget_type=\"heading.default\">\n\t\t\t\t<div class=\"elementor-widget-container\">\n\t\t\t\t\t<h3 class=\"elementor-heading-title elementor-size-default\">PERCOSI DI COUNSELING ESPRESSIVO ARTISTICO<\/h3>\t\t\t\t<\/div>\n\t\t\t\t<\/div>\n\t\t\t\t<div class=\"elementor-element elementor-element-e82db2f elementor-widget elementor-widget-image\" data-id=\"e82db2f\" data-element_type=\"widget\" data-e-type=\"widget\" data-widget_type=\"image.default\">\n\t\t\t\t<div class=\"elementor-widget-container\">\n\t\t\t\t\t\t\t\t\t\t\t\t\t\t\t<img fetchpriority=\"high\" decoding=\"async\" width=\"800\" height=\"793\" src=\"https:\/\/sviluppo.meta-morfosi.it\/wp-content\/uploads\/2024\/03\/Foto-Counseling-e1710380486448-1024x1015.jpg\" class=\"attachment-large size-large wp-image-289\" alt=\"\" srcset=\"https:\/\/sviluppo.meta-morfosi.it\/wp-content\/uploads\/2024\/03\/Foto-Counseling-e1710380486448-1024x1015.jpg 1024w, https:\/\/sviluppo.meta-morfosi.it\/wp-content\/uploads\/2024\/03\/Foto-Counseling-e1710380486448-300x297.jpg 300w, https:\/\/sviluppo.meta-morfosi.it\/wp-content\/uploads\/2024\/03\/Foto-Counseling-e1710380486448-150x150.jpg 150w, https:\/\/sviluppo.meta-morfosi.it\/wp-content\/uploads\/2024\/03\/Foto-Counseling-e1710380486448-768x761.jpg 768w, https:\/\/sviluppo.meta-morfosi.it\/wp-content\/uploads\/2024\/03\/Foto-Counseling-e1710380486448.jpg 1200w\" sizes=\"(max-width: 800px) 100vw, 800px\" \/>\t\t\t\t\t\t\t\t\t\t\t\t\t\t\t<\/div>\n\t\t\t\t<\/div>\n\t\t\t\t<\/div>\n\t\t<div class=\"elementor-element elementor-element-7604802 e-con-full e-flex e-con e-child\" data-id=\"7604802\" data-element_type=\"container\" data-e-type=\"container\">\n\t\t\t\t<div class=\"elementor-element elementor-element-7bcbed4 elementor-widget elementor-widget-heading\" data-id=\"7bcbed4\" data-element_type=\"widget\" data-e-type=\"widget\" data-widget_type=\"heading.default\">\n\t\t\t\t<div class=\"elementor-widget-container\">\n\t\t\t\t\t<h3 class=\"elementor-heading-title elementor-size-default\">SERVIZI PER ADOLESCENTI<\/h3>\t\t\t\t<\/div>\n\t\t\t\t<\/div>\n\t\t\t\t<div class=\"elementor-element elementor-element-4509924 elementor-widget elementor-widget-spacer\" data-id=\"4509924\" data-element_type=\"widget\" data-e-type=\"widget\" data-widget_type=\"spacer.default\">\n\t\t\t\t<div class=\"elementor-widget-container\">\n\t\t\t\t\t\t\t<div class=\"elementor-spacer\">\n\t\t\t<div class=\"elementor-spacer-inner\"><\/div>\n\t\t<\/div>\n\t\t\t\t\t\t<\/div>\n\t\t\t\t<\/div>\n\t\t\t\t<div class=\"elementor-element elementor-element-105c2b3 elementor-widget elementor-widget-image\" data-id=\"105c2b3\" data-element_type=\"widget\" data-e-type=\"widget\" data-widget_type=\"image.default\">\n\t\t\t\t<div class=\"elementor-widget-container\">\n\t\t\t\t\t\t\t\t\t\t\t\t\t\t\t<img decoding=\"async\" width=\"800\" height=\"450\" src=\"https:\/\/sviluppo.meta-morfosi.it\/wp-content\/uploads\/2024\/03\/Progetto-senza-titolo-20-1024x576.jpg\" class=\"attachment-large size-large wp-image-298\" alt=\"\" srcset=\"https:\/\/sviluppo.meta-morfosi.it\/wp-content\/uploads\/2024\/03\/Progetto-senza-titolo-20-1024x576.jpg 1024w, https:\/\/sviluppo.meta-morfosi.it\/wp-content\/uploads\/2024\/03\/Progetto-senza-titolo-20-300x169.jpg 300w, https:\/\/sviluppo.meta-morfosi.it\/wp-content\/uploads\/2024\/03\/Progetto-senza-titolo-20-768x432.jpg 768w, https:\/\/sviluppo.meta-morfosi.it\/wp-content\/uploads\/2024\/03\/Progetto-senza-titolo-20-1536x864.jpg 1536w, https:\/\/sviluppo.meta-morfosi.it\/wp-content\/uploads\/2024\/03\/Progetto-senza-titolo-20.jpg 1920w\" sizes=\"(max-width: 800px) 100vw, 800px\" \/>\t\t\t\t\t\t\t\t\t\t\t\t\t\t\t<\/div>\n\t\t\t\t<\/div>\n\t\t\t\t<\/div>\n\t\t<div class=\"elementor-element elementor-element-9ab00c5 e-con-full e-flex e-con e-child\" data-id=\"9ab00c5\" data-element_type=\"container\" data-e-type=\"container\">\n\t\t\t\t<div class=\"elementor-element elementor-element-46667d4 elementor-widget elementor-widget-heading\" data-id=\"46667d4\" data-element_type=\"widget\" data-e-type=\"widget\" data-widget_type=\"heading.default\">\n\t\t\t\t<div class=\"elementor-widget-container\">\n\t\t\t\t\t<h3 class=\"elementor-heading-title elementor-size-default\">SERVIZI PEDAGOGICI PER FAMIGLIE E BAMBINI<\/h3>\t\t\t\t<\/div>\n\t\t\t\t<\/div>\n\t\t\t\t<div class=\"elementor-element elementor-element-a70a5d6 elementor-widget elementor-widget-image\" data-id=\"a70a5d6\" data-element_type=\"widget\" data-e-type=\"widget\" data-widget_type=\"image.default\">\n\t\t\t\t<div class=\"elementor-widget-container\">\n\t\t\t\t\t\t\t\t\t\t\t\t\t\t\t<img decoding=\"async\" width=\"800\" height=\"450\" src=\"https:\/\/sviluppo.meta-morfosi.it\/wp-content\/uploads\/2024\/03\/Progetto-senza-titolo-2024-03-14T024743.615-1024x576.png\" class=\"attachment-large size-large wp-image-305\" alt=\"\" srcset=\"https:\/\/sviluppo.meta-morfosi.it\/wp-content\/uploads\/2024\/03\/Progetto-senza-titolo-2024-03-14T024743.615-1024x576.png 1024w, https:\/\/sviluppo.meta-morfosi.it\/wp-content\/uploads\/2024\/03\/Progetto-senza-titolo-2024-03-14T024743.615-300x169.png 300w, https:\/\/sviluppo.meta-morfosi.it\/wp-content\/uploads\/2024\/03\/Progetto-senza-titolo-2024-03-14T024743.615-768x432.png 768w, https:\/\/sviluppo.meta-morfosi.it\/wp-content\/uploads\/2024\/03\/Progetto-senza-titolo-2024-03-14T024743.615-1536x864.png 1536w, https:\/\/sviluppo.meta-morfosi.it\/wp-content\/uploads\/2024\/03\/Progetto-senza-titolo-2024-03-14T024743.615.png 1920w\" sizes=\"(max-width: 800px) 100vw, 800px\" \/>\t\t\t\t\t\t\t\t\t\t\t\t\t\t\t<\/div>\n\t\t\t\t<\/div>\n\t\t\t\t<\/div>\n\t\t<div class=\"elementor-element elementor-element-e6abf64 e-con-full e-flex e-con e-child\" data-id=\"e6abf64\" data-element_type=\"container\" data-e-type=\"container\">\n\t\t\t\t<div class=\"elementor-element elementor-element-151cd66 elementor-widget elementor-widget-heading\" data-id=\"151cd66\" data-element_type=\"widget\" data-e-type=\"widget\" data-widget_type=\"heading.default\">\n\t\t\t\t<div class=\"elementor-widget-container\">\n\t\t\t\t\t<h3 class=\"elementor-heading-title elementor-size-default\">PERCORSI DI CRESCITA PERSONALE<\/h3>\t\t\t\t<\/div>\n\t\t\t\t<\/div>\n\t\t\t\t<div class=\"elementor-element elementor-element-d682e20 elementor-widget elementor-widget-image\" data-id=\"d682e20\" data-element_type=\"widget\" data-e-type=\"widget\" data-widget_type=\"image.default\">\n\t\t\t\t<div class=\"elementor-widget-container\">\n\t\t\t\t\t\t\t\t\t\t\t\t\t\t\t<img loading=\"lazy\" decoding=\"async\" width=\"800\" height=\"450\" src=\"https:\/\/sviluppo.meta-morfosi.it\/wp-content\/uploads\/2024\/03\/Progetto-senza-titolo-2024-03-14T025653.098-1024x576.png\" class=\"attachment-large size-large wp-image-312\" alt=\"\" srcset=\"https:\/\/sviluppo.meta-morfosi.it\/wp-content\/uploads\/2024\/03\/Progetto-senza-titolo-2024-03-14T025653.098-1024x576.png 1024w, https:\/\/sviluppo.meta-morfosi.it\/wp-content\/uploads\/2024\/03\/Progetto-senza-titolo-2024-03-14T025653.098-300x169.png 300w, https:\/\/sviluppo.meta-morfosi.it\/wp-content\/uploads\/2024\/03\/Progetto-senza-titolo-2024-03-14T025653.098-768x432.png 768w, https:\/\/sviluppo.meta-morfosi.it\/wp-content\/uploads\/2024\/03\/Progetto-senza-titolo-2024-03-14T025653.098-1536x864.png 1536w, https:\/\/sviluppo.meta-morfosi.it\/wp-content\/uploads\/2024\/03\/Progetto-senza-titolo-2024-03-14T025653.098.png 1920w\" sizes=\"(max-width: 800px) 100vw, 800px\" \/>\t\t\t\t\t\t\t\t\t\t\t\t\t\t\t<\/div>\n\t\t\t\t<\/div>\n\t\t\t\t<\/div>\n\t\t\t\t\t<\/div>\n\t\t\t\t<\/div>\n\t\t\t\t<\/div>\n\t\t","protected":false},"excerpt":{"rendered":"<p>Corsi e Percorsi di Sviluppo Personale L&#8217;associazione culturale di promozione sociale Meta Morfosi di Bologna\u00a0organizza\u00a0corsi e\u00a0percorsi di sviluppo personale individuali e di gruppo.\u00a0I percorsi di sviluppo personale sono spazi di ascolto profondo e di riflessione nel quale esplorare\u00a0difficolt\u00e0 relative a momenti della propria vita, fasi di passaggio e stati di crisi\u00a0e rinforzare la propria capacit\u00e0 di scelta o di cambiamento. L\u2019obiettivo \u00e8 il\u00a0miglioramento della qualit\u00e0 di vita della persona, sostenendone i punti di forza e le capacit\u00e0 di autodeterminazione. \u00c8 un percorso dove ritrovare energia e fiducia in se\u2019 stessi e nella propria vita. Il Counselor sostiene la persona a\u00a0prendere decisioni,\u00a0a gestire crisi, migliorare relazioni, sviluppare risorse, promuovere la consapevolezza delle proprie emozioni, \u00a0pensieri, percezioni e conflitti.\u00a0 In queste situazioni \u00e8 utile l\u2019intervento di un\u00a0COUNSELOR\u00a0PROFESSIONISTA. L\u2019obiettivo del COUNSELING \u00e8 promuovere atteggiamenti propositivi e stimolare la capacit\u00e0 di scelta rispetto a situazioni di vita che generano frustrazione.\u00a0 La cornice a questo&hellip;<\/p>\n<p> <a class=\"more-link\" href=\"https:\/\/sviluppo.meta-morfosi.it\/index.php\/servizi-per-le-persone\/\">Read more<\/a><\/p>\n","protected":false},"author":2,"featured_media":0,"parent":0,"menu_order":0,"comment_status":"closed","ping_status":"closed","template":"","meta":{"footnotes":""},"class_list":["post-34","page","type-page","status-publish"],"_links":{"self":[{"href":"https:\/\/sviluppo.meta-morfosi.it\/index.php\/wp-json\/wp\/v2\/pages\/34","targetHints":{"allow":["GET"]}}],"collection":[{"href":"https:\/\/sviluppo.meta-morfosi.it\/index.php\/wp-json\/wp\/v2\/pages"}],"about":[{"href":"https:\/\/sviluppo.meta-morfosi.it\/index.php\/wp-json\/wp\/v2\/types\/page"}],"author":[{"embeddable":true,"href":"https:\/\/sviluppo.meta-morfosi.it\/index.php\/wp-json\/wp\/v2\/users\/2"}],"replies":[{"embeddable":true,"href":"https:\/\/sviluppo.meta-morfosi.it\/index.php\/wp-json\/wp\/v2\/comments?post=34"}],"version-history":[{"count":40,"href":"https:\/\/sviluppo.meta-morfosi.it\/index.php\/wp-json\/wp\/v2\/pages\/34\/revisions"}],"predecessor-version":[{"id":331,"href":"https:\/\/sviluppo.meta-morfosi.it\/index.php\/wp-json\/wp\/v2\/pages\/34\/revisions\/331"}],"wp:attachment":[{"href":"https:\/\/sviluppo.meta-morfosi.it\/index.php\/wp-json\/wp\/v2\/media?parent=34"}],"curies":[{"name":"wp","href":"https:\/\/api.w.org\/{rel}","templated":true}]}}