{"id":402,"date":"2024-03-15T22:36:53","date_gmt":"2024-03-15T22:36:53","guid":{"rendered":"https:\/\/sviluppo.meta-morfosi.it\/?page_id=402"},"modified":"2024-04-03T17:13:35","modified_gmt":"2024-04-03T17:13:35","slug":"percorsi-di-crescita-personale","status":"publish","type":"page","link":"https:\/\/sviluppo.meta-morfosi.it\/index.php\/percorsi-di-crescita-personale\/","title":{"rendered":"PERCORSI DI CRESCITA PERSONALE"},"content":{"rendered":"\t\t<div data-elementor-type=\"wp-page\" data-elementor-id=\"402\" class=\"elementor elementor-402\">\n\t\t\t\t<div class=\"elementor-element elementor-element-32aa0a6 e-flex e-con-boxed elementor-invisible e-con e-parent\" data-id=\"32aa0a6\" data-element_type=\"container\" data-e-type=\"container\" data-settings=\"{&quot;background_background&quot;:&quot;classic&quot;,&quot;animation&quot;:&quot;fadeInRight&quot;}\">\n\t\t\t\t\t<div class=\"e-con-inner\">\n\t\t\t\t\t<\/div>\n\t\t\t\t<\/div>\n\t\t<div class=\"elementor-element elementor-element-88581d4 e-flex e-con-boxed e-con e-parent\" data-id=\"88581d4\" data-element_type=\"container\" data-e-type=\"container\">\n\t\t\t\t\t<div class=\"e-con-inner\">\n\t\t\t\t<div class=\"elementor-element elementor-element-339ddc5 elementor-widget elementor-widget-spacer\" data-id=\"339ddc5\" data-element_type=\"widget\" data-e-type=\"widget\" data-widget_type=\"spacer.default\">\n\t\t\t\t<div class=\"elementor-widget-container\">\n\t\t\t\t\t\t\t<div class=\"elementor-spacer\">\n\t\t\t<div class=\"elementor-spacer-inner\"><\/div>\n\t\t<\/div>\n\t\t\t\t\t\t<\/div>\n\t\t\t\t<\/div>\n\t\t\t\t\t<\/div>\n\t\t\t\t<\/div>\n\t\t<div class=\"elementor-element elementor-element-0ec7d42 e-flex e-con-boxed e-con e-parent\" data-id=\"0ec7d42\" data-element_type=\"container\" data-e-type=\"container\">\n\t\t\t\t\t<div class=\"e-con-inner\">\n\t\t\t\t<div class=\"elementor-element elementor-element-8b5628a elementor-invisible elementor-widget elementor-widget-text-editor\" data-id=\"8b5628a\" data-element_type=\"widget\" data-e-type=\"widget\" data-settings=\"{&quot;_animation&quot;:&quot;zoomIn&quot;}\" data-widget_type=\"text-editor.default\">\n\t\t\t\t<div class=\"elementor-widget-container\">\n\t\t\t\t\t\t\t\t\t<div class=\"item-title-wrap\"><h2 class=\"item-title\" style=\"text-align: justify;\">Percorsi di crescita personale<\/h2><\/div><div class=\"itemFullText\"><p style=\"text-align: justify;\">L&#8217;associazione Meta Morfosi offre percorsi di crescita personale. Sono percorsi di ascolto profondo attraverso cui poter trovare dentro di s\u00e9 gli strumenti e le modalit\u00e0 per affrontare e superare gli accadimenti della propria vita, spesso imprevedibili e inaspettati. La persona verr\u00e0 accompagnata passo dopo passo verso il raggiungimento del proprio miglioramento personale, inteso come superamento di blocchi e momenti di empasse, naturalmente senza per questo stravolgere la propria personalit\u00e0.<\/p><h3 style=\"text-align: justify;\">Perch\u00e8 affrontare un percorso di crescita personale?<\/h3><p style=\"text-align: justify;\"><strong>Questo percorso \u00e8 utile per:<\/strong><\/p><ul><li style=\"text-align: justify;\">Il miglioramento della propria sicurezza, autostima, capacit\u00e0 decisionale ed assertivit\u00e0<\/li><li style=\"text-align: justify;\">la gestione delle emozioni<\/li><li style=\"text-align: justify;\">l\u2019efficacia comunicativa e relazionale<\/li><li style=\"text-align: justify;\">lo sviluppo di nuove abilit\u00e0<\/li><li style=\"text-align: justify;\">la scoperta dei propri talenti<\/li><li style=\"text-align: justify;\">lo sviluppo della creativit\u00e0<\/li><li style=\"text-align: justify;\">la capacit\u00e0 di empowerment davanti ad una separazione, un lutto, la perdita del lavoro<\/li><li style=\"text-align: justify;\">la gestione dello stress.<\/li><\/ul><\/div>\t\t\t\t\t\t\t\t<\/div>\n\t\t\t\t<\/div>\n\t\t\t\t\t<\/div>\n\t\t\t\t<\/div>\n\t\t<div class=\"elementor-element elementor-element-471df27 e-flex e-con-boxed e-con e-parent\" data-id=\"471df27\" data-element_type=\"container\" data-e-type=\"container\">\n\t\t\t\t\t<div class=\"e-con-inner\">\n\t\t\t\t<div class=\"elementor-element elementor-element-3502b3a elementor-widget elementor-widget-text-editor\" data-id=\"3502b3a\" data-element_type=\"widget\" data-e-type=\"widget\" data-widget_type=\"text-editor.default\">\n\t\t\t\t<div class=\"elementor-widget-container\">\n\t\t\t\t\t\t\t\t\t<h3>PER INFO SCRIVICI QUI<\/h3><p>\u00a0<\/p><p>\n<div class=\"wpcf7 no-js\" id=\"wpcf7-f477-o1\" lang=\"it-IT\" dir=\"ltr\" data-wpcf7-id=\"477\">\n<div class=\"screen-reader-response\"><p role=\"status\" aria-live=\"polite\" aria-atomic=\"true\"><\/p> <ul><\/ul><\/div>\n<form action=\"\/index.php\/wp-json\/wp\/v2\/pages\/402#wpcf7-f477-o1\" method=\"post\" class=\"wpcf7-form init\" aria-label=\"Modulo di contatto\" novalidate=\"novalidate\" data-status=\"init\">\n<fieldset class=\"hidden-fields-container\"><input type=\"hidden\" name=\"_wpcf7\" value=\"477\" \/><input type=\"hidden\" name=\"_wpcf7_version\" value=\"6.1.5\" \/><input type=\"hidden\" name=\"_wpcf7_locale\" value=\"it_IT\" \/><input type=\"hidden\" name=\"_wpcf7_unit_tag\" value=\"wpcf7-f477-o1\" \/><input type=\"hidden\" name=\"_wpcf7_container_post\" value=\"0\" \/><input type=\"hidden\" name=\"_wpcf7_posted_data_hash\" value=\"\" \/>\n<\/fieldset>\n<p><label> Il tuo nome<br \/>\n<span class=\"wpcf7-form-control-wrap\" data-name=\"your-name\"><input size=\"40\" maxlength=\"400\" class=\"wpcf7-form-control wpcf7-text wpcf7-validates-as-required\" autocomplete=\"name\" aria-required=\"true\" aria-invalid=\"false\" value=\"\" type=\"text\" name=\"your-name\" \/><\/span> <\/label>\n<\/p>\n<p><label> La tua email<br \/>\n<span class=\"wpcf7-form-control-wrap\" data-name=\"your-email\"><input size=\"40\" maxlength=\"400\" class=\"wpcf7-form-control wpcf7-email wpcf7-validates-as-required wpcf7-text wpcf7-validates-as-email\" autocomplete=\"email\" aria-required=\"true\" aria-invalid=\"false\" value=\"\" type=\"email\" name=\"your-email\" \/><\/span> <\/label>\n<\/p>\n<p><label> Oggetto<br \/>\n<span class=\"wpcf7-form-control-wrap\" data-name=\"your-subject\"><input size=\"40\" maxlength=\"400\" class=\"wpcf7-form-control wpcf7-text wpcf7-validates-as-required\" aria-required=\"true\" aria-invalid=\"false\" value=\"\" type=\"text\" name=\"your-subject\" \/><\/span> <\/label>\n<\/p>\n<p><label> Il tuo messaggio (facoltativo)<br \/>\n<span class=\"wpcf7-form-control-wrap\" data-name=\"your-message\"><textarea cols=\"40\" rows=\"10\" maxlength=\"2000\" class=\"wpcf7-form-control wpcf7-textarea\" aria-invalid=\"false\" name=\"your-message\"><\/textarea><\/span> <\/label>\n<\/p>\n<p><span class=\"wpcf7-form-control-wrap\" data-name=\"acceptance-967\"><span class=\"wpcf7-form-control wpcf7-acceptance\"><span class=\"wpcf7-list-item\"><input type=\"checkbox\" name=\"acceptance-967\" value=\"1\" aria-invalid=\"false\" \/><\/span><\/span><\/span> accosento al trattamento dei dati personali ai sensi del Regolamento UE nr. 679\/2016.<br \/>\nConfermo anche di aver preso visione della <a href=\"https:\/\/bolognaolistica.com\/privacy-policy\/\">Privacy Policy<\/a>\n<\/p>\n<p><input class=\"wpcf7-form-control wpcf7-submit has-spinner\" type=\"submit\" value=\"Invia\" \/>\n<\/p><div class=\"wpcf7-response-output\" aria-hidden=\"true\"><\/div>\n<\/form>\n<\/div>\n<\/p>\t\t\t\t\t\t\t\t<\/div>\n\t\t\t\t<\/div>\n\t\t\t\t\t<\/div>\n\t\t\t\t<\/div>\n\t\t\t\t<\/div>\n\t\t","protected":false},"excerpt":{"rendered":"<p>Percorsi di crescita personale L&#8217;associazione Meta Morfosi offre percorsi di crescita personale. Sono percorsi di ascolto profondo attraverso cui poter trovare dentro di s\u00e9 gli strumenti e le modalit\u00e0 per affrontare e superare gli accadimenti della propria vita, spesso imprevedibili e inaspettati. La persona verr\u00e0 accompagnata passo dopo passo verso il raggiungimento del proprio miglioramento personale, inteso come superamento di blocchi e momenti di empasse, naturalmente senza per questo stravolgere la propria personalit\u00e0. Perch\u00e8 affrontare un percorso di crescita personale? Questo percorso \u00e8 utile per: Il miglioramento della propria sicurezza, autostima, capacit\u00e0 decisionale ed assertivit\u00e0 la gestione delle emozioni l\u2019efficacia comunicativa e relazionale lo sviluppo di nuove abilit\u00e0 la scoperta dei propri talenti lo sviluppo della creativit\u00e0 la capacit\u00e0 di empowerment davanti ad una separazione, un lutto, la perdita del lavoro la gestione dello stress. PER INFO SCRIVICI QUI \u00a0<\/p>\n","protected":false},"author":2,"featured_media":0,"parent":0,"menu_order":0,"comment_status":"closed","ping_status":"closed","template":"","meta":{"footnotes":""},"class_list":["post-402","page","type-page","status-publish"],"_links":{"self":[{"href":"https:\/\/sviluppo.meta-morfosi.it\/index.php\/wp-json\/wp\/v2\/pages\/402","targetHints":{"allow":["GET"]}}],"collection":[{"href":"https:\/\/sviluppo.meta-morfosi.it\/index.php\/wp-json\/wp\/v2\/pages"}],"about":[{"href":"https:\/\/sviluppo.meta-morfosi.it\/index.php\/wp-json\/wp\/v2\/types\/page"}],"author":[{"embeddable":true,"href":"https:\/\/sviluppo.meta-morfosi.it\/index.php\/wp-json\/wp\/v2\/users\/2"}],"replies":[{"embeddable":true,"href":"https:\/\/sviluppo.meta-morfosi.it\/index.php\/wp-json\/wp\/v2\/comments?post=402"}],"version-history":[{"count":34,"href":"https:\/\/sviluppo.meta-morfosi.it\/index.php\/wp-json\/wp\/v2\/pages\/402\/revisions"}],"predecessor-version":[{"id":599,"href":"https:\/\/sviluppo.meta-morfosi.it\/index.php\/wp-json\/wp\/v2\/pages\/402\/revisions\/599"}],"wp:attachment":[{"href":"https:\/\/sviluppo.meta-morfosi.it\/index.php\/wp-json\/wp\/v2\/media?parent=402"}],"curies":[{"name":"wp","href":"https:\/\/api.w.org\/{rel}","templated":true}]}}